{"id":3614,"date":"2023-03-14T10:07:43","date_gmt":"2023-03-14T10:07:43","guid":{"rendered":"https:\/\/a-forma.eu\/island-residence_a\/"},"modified":"2023-06-06T06:20:20","modified_gmt":"2023-06-06T06:20:20","slug":"otocno-prebivaliste_a","status":"publish","type":"page","link":"https:\/\/a-forma.eu\/hr\/projekti\/arhitektura\/otocno-prebivaliste_a\/","title":{"rendered":"Oto\u010dka Rezidencija_A"},"content":{"rendered":"\t\t<div data-elementor-type=\"wp-page\" data-elementor-id=\"3614\" class=\"elementor elementor-3614\" data-elementor-post-type=\"page\">\n\t\t\t\t\t\t<section class=\"elementor-section elementor-top-section elementor-element elementor-element-4d1ab35a elementor-section-height-min-height elementor-section-boxed elementor-section-height-default elementor-section-items-middle\" data-id=\"4d1ab35a\" data-element_type=\"section\" data-e-type=\"section\" data-settings=\"{&quot;background_background&quot;:&quot;classic&quot;}\">\n\t\t\t\t\t\t\t<div class=\"elementor-background-overlay\"><\/div>\n\t\t\t\t\t\t\t<div class=\"elementor-container elementor-column-gap-default\">\n\t\t\t\t\t<div class=\"elementor-column elementor-col-100 elementor-top-column elementor-element elementor-element-3af50210\" data-id=\"3af50210\" data-element_type=\"column\" data-e-type=\"column\">\n\t\t\t<div class=\"elementor-widget-wrap elementor-element-populated\">\n\t\t\t\t\t\t<div class=\"elementor-element elementor-element-13fe8629 elementor-widget elementor-widget-heading\" data-id=\"13fe8629\" data-element_type=\"widget\" data-e-type=\"widget\" data-widget_type=\"heading.default\">\n\t\t\t\t<div class=\"elementor-widget-container\">\n\t\t\t\t\t<h6 class=\"elementor-heading-title elementor-size-default\">Projekt<\/h6>\t\t\t\t<\/div>\n\t\t\t\t<\/div>\n\t\t\t\t<div class=\"elementor-element elementor-element-716a0604 elementor-widget elementor-widget-heading\" data-id=\"716a0604\" data-element_type=\"widget\" data-e-type=\"widget\" data-widget_type=\"heading.default\">\n\t\t\t\t<div class=\"elementor-widget-container\">\n\t\t\t\t\t<h2 class=\"elementor-heading-title elementor-size-default\">Oto\u010dka Rezidencija_A<\/h2>\t\t\t\t<\/div>\n\t\t\t\t<\/div>\n\t\t\t\t\t<\/div>\n\t\t<\/div>\n\t\t\t\t\t<\/div>\n\t\t<\/section>\n\t\t\t\t<section class=\"elementor-section elementor-top-section elementor-element elementor-element-21811567 elementor-section-boxed elementor-section-height-default elementor-section-height-default\" data-id=\"21811567\" data-element_type=\"section\" data-e-type=\"section\" data-settings=\"{&quot;background_background&quot;:&quot;classic&quot;}\">\n\t\t\t\t\t\t<div class=\"elementor-container elementor-column-gap-default\">\n\t\t\t\t\t<div class=\"elementor-column elementor-col-66 elementor-top-column elementor-element elementor-element-1658cf86\" data-id=\"1658cf86\" data-element_type=\"column\" data-e-type=\"column\">\n\t\t\t<div class=\"elementor-widget-wrap elementor-element-populated\">\n\t\t\t\t\t\t<div class=\"elementor-element elementor-element-5deb8bb elementor-widget elementor-widget-image\" data-id=\"5deb8bb\" data-element_type=\"widget\" data-e-type=\"widget\" data-widget_type=\"image.default\">\n\t\t\t\t<div class=\"elementor-widget-container\">\n\t\t\t\t\t\t\t\t\t\t\t\t\t\t\t<img fetchpriority=\"high\" decoding=\"async\" width=\"1000\" height=\"625\" src=\"https:\/\/a-forma.eu\/wp-content\/uploads\/2023\/03\/k6_c2_v001.jpg\" class=\"attachment-full size-full wp-image-2431\" alt=\"\" srcset=\"https:\/\/a-forma.eu\/wp-content\/uploads\/2023\/03\/k6_c2_v001.jpg 1000w, https:\/\/a-forma.eu\/wp-content\/uploads\/2023\/03\/k6_c2_v001-300x188.jpg 300w, https:\/\/a-forma.eu\/wp-content\/uploads\/2023\/03\/k6_c2_v001-768x480.jpg 768w\" sizes=\"(max-width: 1000px) 100vw, 1000px\" \/>\t\t\t\t\t\t\t\t\t\t\t\t\t\t\t<\/div>\n\t\t\t\t<\/div>\n\t\t\t\t<div class=\"elementor-element elementor-element-d285398 elementor-widget elementor-widget-image\" data-id=\"d285398\" data-element_type=\"widget\" data-e-type=\"widget\" data-widget_type=\"image.default\">\n\t\t\t\t<div class=\"elementor-widget-container\">\n\t\t\t\t\t\t\t\t\t\t\t\t\t\t\t<img decoding=\"async\" width=\"1000\" height=\"625\" src=\"https:\/\/a-forma.eu\/wp-content\/uploads\/2023\/03\/k6_c1_v001.jpg\" class=\"attachment-full size-full wp-image-2430\" alt=\"\" srcset=\"https:\/\/a-forma.eu\/wp-content\/uploads\/2023\/03\/k6_c1_v001.jpg 1000w, https:\/\/a-forma.eu\/wp-content\/uploads\/2023\/03\/k6_c1_v001-300x188.jpg 300w, https:\/\/a-forma.eu\/wp-content\/uploads\/2023\/03\/k6_c1_v001-768x480.jpg 768w\" sizes=\"(max-width: 1000px) 100vw, 1000px\" \/>\t\t\t\t\t\t\t\t\t\t\t\t\t\t\t<\/div>\n\t\t\t\t<\/div>\n\t\t\t\t\t<\/div>\n\t\t<\/div>\n\t\t\t\t<div class=\"elementor-column elementor-col-33 elementor-top-column elementor-element elementor-element-29107b43\" data-id=\"29107b43\" data-element_type=\"column\" data-e-type=\"column\">\n\t\t\t<div class=\"elementor-widget-wrap elementor-element-populated\">\n\t\t\t\t\t\t<div class=\"elementor-element elementor-element-167f5082 elementor-widget elementor-widget-heading\" data-id=\"167f5082\" data-element_type=\"widget\" data-e-type=\"widget\" data-widget_type=\"heading.default\">\n\t\t\t\t<div class=\"elementor-widget-container\">\n\t\t\t\t\t<h6 class=\"elementor-heading-title elementor-size-default\">Arhitektura<\/h6>\t\t\t\t<\/div>\n\t\t\t\t<\/div>\n\t\t\t\t<div class=\"elementor-element elementor-element-61a50afb elementor-widget elementor-widget-heading\" data-id=\"61a50afb\" data-element_type=\"widget\" data-e-type=\"widget\" data-widget_type=\"heading.default\">\n\t\t\t\t<div class=\"elementor-widget-container\">\n\t\t\t\t\t<h3 class=\"elementor-heading-title elementor-size-default\">Oto\u010dka Rezidencija_A<\/h3>\t\t\t\t<\/div>\n\t\t\t\t<\/div>\n\t\t\t\t<div class=\"elementor-element elementor-element-33776583 elementor-widget elementor-widget-text-editor\" data-id=\"33776583\" data-element_type=\"widget\" data-e-type=\"widget\" data-widget_type=\"text-editor.default\">\n\t\t\t\t<div class=\"elementor-widget-container\">\n\t\t\t\t\t\t\t\t\t<p><strong>Godina:<\/strong> 2022<\/p><p><strong>Lokacija:<\/strong> Otok Bra\u010d, Dalmacija<\/p><p><strong>Veli\u010dina parcele:<\/strong> 1.550m2<\/p><p><strong>Veli\u010dina:<\/strong> 550m2<\/p><p><strong>Usluge: <\/strong>Planiranje, eksterijer, arhitektura &amp; interijer<\/p>\t\t\t\t\t\t\t\t<\/div>\n\t\t\t\t<\/div>\n\t\t\t\t<div class=\"elementor-element elementor-element-63142171 elementor-widget elementor-widget-spacer\" data-id=\"63142171\" data-element_type=\"widget\" data-e-type=\"widget\" data-widget_type=\"spacer.default\">\n\t\t\t\t<div class=\"elementor-widget-container\">\n\t\t\t\t\t\t\t<div class=\"elementor-spacer\">\n\t\t\t<div class=\"elementor-spacer-inner\"><\/div>\n\t\t<\/div>\n\t\t\t\t\t\t<\/div>\n\t\t\t\t<\/div>\n\t\t\t\t<div class=\"elementor-element elementor-element-2f23aa8f elementor-widget elementor-widget-image\" data-id=\"2f23aa8f\" data-element_type=\"widget\" data-e-type=\"widget\" data-widget_type=\"image.default\">\n\t\t\t\t<div class=\"elementor-widget-container\">\n\t\t\t\t\t\t\t\t\t\t\t\t\t\t\t<img decoding=\"async\" width=\"1000\" height=\"625\" src=\"https:\/\/a-forma.eu\/wp-content\/uploads\/2023\/03\/k6_c3_v001.jpg\" class=\"attachment-full size-full wp-image-2432\" alt=\"\" srcset=\"https:\/\/a-forma.eu\/wp-content\/uploads\/2023\/03\/k6_c3_v001.jpg 1000w, https:\/\/a-forma.eu\/wp-content\/uploads\/2023\/03\/k6_c3_v001-300x188.jpg 300w, https:\/\/a-forma.eu\/wp-content\/uploads\/2023\/03\/k6_c3_v001-768x480.jpg 768w\" sizes=\"(max-width: 1000px) 100vw, 1000px\" \/>\t\t\t\t\t\t\t\t\t\t\t\t\t\t\t<\/div>\n\t\t\t\t<\/div>\n\t\t\t\t<div class=\"elementor-element elementor-element-128ab9a0 elementor-widget elementor-widget-spacer\" data-id=\"128ab9a0\" data-element_type=\"widget\" data-e-type=\"widget\" data-widget_type=\"spacer.default\">\n\t\t\t\t<div class=\"elementor-widget-container\">\n\t\t\t\t\t\t\t<div class=\"elementor-spacer\">\n\t\t\t<div class=\"elementor-spacer-inner\"><\/div>\n\t\t<\/div>\n\t\t\t\t\t\t<\/div>\n\t\t\t\t<\/div>\n\t\t\t\t<div class=\"elementor-element elementor-element-15e031ea elementor-align-left elementor-widget elementor-widget-button\" data-id=\"15e031ea\" data-element_type=\"widget\" data-e-type=\"widget\" data-widget_type=\"button.default\">\n\t\t\t\t<div class=\"elementor-widget-container\">\n\t\t\t\t\t\t\t\t\t<div class=\"elementor-button-wrapper\">\n\t\t\t\t\t<a class=\"elementor-button elementor-button-link elementor-size-sm\" href=\"https:\/\/a-forma.eu\/hr\/projekti\/arhitektura\/\">\n\t\t\t\t\t\t<span class=\"elementor-button-content-wrapper\">\n\t\t\t\t\t\t<span class=\"elementor-button-icon\">\n\t\t\t\t<i aria-hidden=\"true\" class=\"icon icon-right-arrow2\"><\/i>\t\t\t<\/span>\n\t\t\t\t\t\t\t\t\t<span class=\"elementor-button-text\">Povratak na projekte<\/span>\n\t\t\t\t\t<\/span>\n\t\t\t\t\t<\/a>\n\t\t\t\t<\/div>\n\t\t\t\t\t\t\t\t<\/div>\n\t\t\t\t<\/div>\n\t\t\t\t\t<\/div>\n\t\t<\/div>\n\t\t\t\t\t<\/div>\n\t\t<\/section>\n\t\t\t\t<\/div>\n\t\t","protected":false},"excerpt":{"rendered":"<p>Projekt Oto\u010dka Rezidencija_A Arhitektura Oto\u010dka Rezidencija_A Godina: 2022 Lokacija: Otok Bra\u010d, Dalmacija Veli\u010dina parcele: 1.550m2 Veli\u010dina: 550m2 Usluge: Planiranje, eksterijer, arhitektura &amp; interijer Povratak na projekte<\/p>\n","protected":false},"author":3,"featured_media":0,"parent":3624,"menu_order":0,"comment_status":"closed","ping_status":"closed","template":"","meta":{"footnotes":""},"class_list":["post-3614","page","type-page","status-publish","hentry"],"_links":{"self":[{"href":"https:\/\/a-forma.eu\/hr\/wp-json\/wp\/v2\/pages\/3614","targetHints":{"allow":["GET"]}}],"collection":[{"href":"https:\/\/a-forma.eu\/hr\/wp-json\/wp\/v2\/pages"}],"about":[{"href":"https:\/\/a-forma.eu\/hr\/wp-json\/wp\/v2\/types\/page"}],"author":[{"embeddable":true,"href":"https:\/\/a-forma.eu\/hr\/wp-json\/wp\/v2\/users\/3"}],"replies":[{"embeddable":true,"href":"https:\/\/a-forma.eu\/hr\/wp-json\/wp\/v2\/comments?post=3614"}],"version-history":[{"count":26,"href":"https:\/\/a-forma.eu\/hr\/wp-json\/wp\/v2\/pages\/3614\/revisions"}],"predecessor-version":[{"id":4911,"href":"https:\/\/a-forma.eu\/hr\/wp-json\/wp\/v2\/pages\/3614\/revisions\/4911"}],"up":[{"embeddable":true,"href":"https:\/\/a-forma.eu\/hr\/wp-json\/wp\/v2\/pages\/3624"}],"wp:attachment":[{"href":"https:\/\/a-forma.eu\/hr\/wp-json\/wp\/v2\/media?parent=3614"}],"curies":[{"name":"wp","href":"https:\/\/api.w.org\/{rel}","templated":true}]}}