{"id":3594,"date":"2023-03-14T10:47:34","date_gmt":"2023-03-14T10:47:34","guid":{"rendered":"https:\/\/a-forma.eu\/marina-waterfront\/"},"modified":"2023-06-06T06:33:27","modified_gmt":"2023-06-06T06:33:27","slug":"marina-waterfronpromenada","status":"publish","type":"page","link":"https:\/\/a-forma.eu\/hr\/projekti\/urbanizam\/marina-waterfronpromenada\/","title":{"rendered":"Ure\u0111enje Obale Poljica"},"content":{"rendered":"\t\t<div data-elementor-type=\"wp-page\" data-elementor-id=\"3594\" class=\"elementor elementor-3594\" data-elementor-post-type=\"page\">\n\t\t\t\t\t\t<section class=\"elementor-section elementor-top-section elementor-element elementor-element-4d1ab35a elementor-section-height-min-height elementor-section-boxed elementor-section-height-default elementor-section-items-middle\" data-id=\"4d1ab35a\" data-element_type=\"section\" data-e-type=\"section\" data-settings=\"{&quot;background_background&quot;:&quot;classic&quot;}\">\n\t\t\t\t\t\t\t<div class=\"elementor-background-overlay\"><\/div>\n\t\t\t\t\t\t\t<div class=\"elementor-container elementor-column-gap-default\">\n\t\t\t\t\t<div class=\"elementor-column elementor-col-100 elementor-top-column elementor-element elementor-element-3af50210\" data-id=\"3af50210\" data-element_type=\"column\" data-e-type=\"column\">\n\t\t\t<div class=\"elementor-widget-wrap elementor-element-populated\">\n\t\t\t\t\t\t<div class=\"elementor-element elementor-element-13fe8629 elementor-widget elementor-widget-heading\" data-id=\"13fe8629\" data-element_type=\"widget\" data-e-type=\"widget\" data-widget_type=\"heading.default\">\n\t\t\t\t<div class=\"elementor-widget-container\">\n\t\t\t\t\t<h6 class=\"elementor-heading-title elementor-size-default\">Projekt<\/h6>\t\t\t\t<\/div>\n\t\t\t\t<\/div>\n\t\t\t\t<div class=\"elementor-element elementor-element-716a0604 elementor-widget elementor-widget-heading\" data-id=\"716a0604\" data-element_type=\"widget\" data-e-type=\"widget\" data-widget_type=\"heading.default\">\n\t\t\t\t<div class=\"elementor-widget-container\">\n\t\t\t\t\t<h2 class=\"elementor-heading-title elementor-size-default\">Ure\u0111enje Obale Poljica<\/h2>\t\t\t\t<\/div>\n\t\t\t\t<\/div>\n\t\t\t\t\t<\/div>\n\t\t<\/div>\n\t\t\t\t\t<\/div>\n\t\t<\/section>\n\t\t\t\t<section class=\"elementor-section elementor-top-section elementor-element elementor-element-21811567 elementor-section-boxed elementor-section-height-default elementor-section-height-default\" data-id=\"21811567\" data-element_type=\"section\" data-e-type=\"section\" data-settings=\"{&quot;background_background&quot;:&quot;classic&quot;}\">\n\t\t\t\t\t\t<div class=\"elementor-container elementor-column-gap-default\">\n\t\t\t\t\t<div class=\"elementor-column elementor-col-66 elementor-top-column elementor-element elementor-element-1658cf86\" data-id=\"1658cf86\" data-element_type=\"column\" data-e-type=\"column\">\n\t\t\t<div class=\"elementor-widget-wrap elementor-element-populated\">\n\t\t\t\t\t\t<div class=\"elementor-element elementor-element-5deb8bb elementor-widget elementor-widget-image\" data-id=\"5deb8bb\" data-element_type=\"widget\" data-e-type=\"widget\" data-widget_type=\"image.default\">\n\t\t\t\t<div class=\"elementor-widget-container\">\n\t\t\t\t\t\t\t\t\t\t\t\t\t\t\t<img fetchpriority=\"high\" decoding=\"async\" width=\"1000\" height=\"562\" src=\"https:\/\/a-forma.eu\/wp-content\/uploads\/2023\/03\/a_5-Photo.jpg\" class=\"attachment-full size-full wp-image-2547\" alt=\"\" srcset=\"https:\/\/a-forma.eu\/wp-content\/uploads\/2023\/03\/a_5-Photo.jpg 1000w, https:\/\/a-forma.eu\/wp-content\/uploads\/2023\/03\/a_5-Photo-300x169.jpg 300w, https:\/\/a-forma.eu\/wp-content\/uploads\/2023\/03\/a_5-Photo-768x432.jpg 768w\" sizes=\"(max-width: 1000px) 100vw, 1000px\" \/>\t\t\t\t\t\t\t\t\t\t\t\t\t\t\t<\/div>\n\t\t\t\t<\/div>\n\t\t\t\t<div class=\"elementor-element elementor-element-b406ed9 elementor-widget elementor-widget-image\" data-id=\"b406ed9\" data-element_type=\"widget\" data-e-type=\"widget\" data-widget_type=\"image.default\">\n\t\t\t\t<div class=\"elementor-widget-container\">\n\t\t\t\t\t\t\t\t\t\t\t\t\t\t\t<img decoding=\"async\" width=\"1000\" height=\"815\" src=\"https:\/\/a-forma.eu\/wp-content\/uploads\/2023\/03\/a_6-Photo-2.jpg\" class=\"attachment-full size-full wp-image-3275\" alt=\"\" srcset=\"https:\/\/a-forma.eu\/wp-content\/uploads\/2023\/03\/a_6-Photo-2.jpg 1000w, https:\/\/a-forma.eu\/wp-content\/uploads\/2023\/03\/a_6-Photo-2-300x245.jpg 300w, https:\/\/a-forma.eu\/wp-content\/uploads\/2023\/03\/a_6-Photo-2-768x626.jpg 768w\" sizes=\"(max-width: 1000px) 100vw, 1000px\" \/>\t\t\t\t\t\t\t\t\t\t\t\t\t\t\t<\/div>\n\t\t\t\t<\/div>\n\t\t\t\t<div class=\"elementor-element elementor-element-d285398 elementor-widget elementor-widget-image\" data-id=\"d285398\" data-element_type=\"widget\" data-e-type=\"widget\" data-widget_type=\"image.default\">\n\t\t\t\t<div class=\"elementor-widget-container\">\n\t\t\t\t\t\t\t\t\t\t\t\t\t\t\t<img decoding=\"async\" width=\"1000\" height=\"1137\" src=\"https:\/\/a-forma.eu\/wp-content\/uploads\/2023\/03\/2-2.jpg\" class=\"attachment-full size-full wp-image-2546\" alt=\"\" srcset=\"https:\/\/a-forma.eu\/wp-content\/uploads\/2023\/03\/2-2.jpg 1000w, https:\/\/a-forma.eu\/wp-content\/uploads\/2023\/03\/2-2-264x300.jpg 264w, https:\/\/a-forma.eu\/wp-content\/uploads\/2023\/03\/2-2-901x1024.jpg 901w, https:\/\/a-forma.eu\/wp-content\/uploads\/2023\/03\/2-2-768x873.jpg 768w\" sizes=\"(max-width: 1000px) 100vw, 1000px\" \/>\t\t\t\t\t\t\t\t\t\t\t\t\t\t\t<\/div>\n\t\t\t\t<\/div>\n\t\t\t\t\t<\/div>\n\t\t<\/div>\n\t\t\t\t<div class=\"elementor-column elementor-col-33 elementor-top-column elementor-element elementor-element-29107b43\" data-id=\"29107b43\" data-element_type=\"column\" data-e-type=\"column\">\n\t\t\t<div class=\"elementor-widget-wrap elementor-element-populated\">\n\t\t\t\t\t\t<div class=\"elementor-element elementor-element-167f5082 elementor-widget elementor-widget-heading\" data-id=\"167f5082\" data-element_type=\"widget\" data-e-type=\"widget\" data-widget_type=\"heading.default\">\n\t\t\t\t<div class=\"elementor-widget-container\">\n\t\t\t\t\t<h6 class=\"elementor-heading-title elementor-size-default\">Urbanizam<\/h6>\t\t\t\t<\/div>\n\t\t\t\t<\/div>\n\t\t\t\t<div class=\"elementor-element elementor-element-61a50afb elementor-widget elementor-widget-heading\" data-id=\"61a50afb\" data-element_type=\"widget\" data-e-type=\"widget\" data-widget_type=\"heading.default\">\n\t\t\t\t<div class=\"elementor-widget-container\">\n\t\t\t\t\t<h3 class=\"elementor-heading-title elementor-size-default\">Ure\u0111enje Obale Poljica<\/h3>\t\t\t\t<\/div>\n\t\t\t\t<\/div>\n\t\t\t\t<div class=\"elementor-element elementor-element-33776583 elementor-widget elementor-widget-text-editor\" data-id=\"33776583\" data-element_type=\"widget\" data-e-type=\"widget\" data-widget_type=\"text-editor.default\">\n\t\t\t\t<div class=\"elementor-widget-container\">\n\t\t\t\t\t\t\t\t\t<p><strong>Godina:<\/strong> 2021<\/p><p><strong>Lokacija:<\/strong> Poljica, Dalmacija<\/p><p><strong>Veli\u010dina:<\/strong> 283.000m2<\/p><p><strong>Usluge:<\/strong> Planiranje &amp; idejno rje\u0161enje<\/p>\t\t\t\t\t\t\t\t<\/div>\n\t\t\t\t<\/div>\n\t\t\t\t<div class=\"elementor-element elementor-element-63142171 elementor-widget elementor-widget-spacer\" data-id=\"63142171\" data-element_type=\"widget\" data-e-type=\"widget\" data-widget_type=\"spacer.default\">\n\t\t\t\t<div class=\"elementor-widget-container\">\n\t\t\t\t\t\t\t<div class=\"elementor-spacer\">\n\t\t\t<div class=\"elementor-spacer-inner\"><\/div>\n\t\t<\/div>\n\t\t\t\t\t\t<\/div>\n\t\t\t\t<\/div>\n\t\t\t\t<div class=\"elementor-element elementor-element-2f23aa8f elementor-widget elementor-widget-image\" data-id=\"2f23aa8f\" data-element_type=\"widget\" data-e-type=\"widget\" data-widget_type=\"image.default\">\n\t\t\t\t<div class=\"elementor-widget-container\">\n\t\t\t\t\t\t\t\t\t\t\t\t\t\t\t<img loading=\"lazy\" decoding=\"async\" width=\"1000\" height=\"1031\" src=\"https:\/\/a-forma.eu\/wp-content\/uploads\/2023\/03\/1.jpg\" class=\"attachment-full size-full wp-image-2545\" alt=\"\" srcset=\"https:\/\/a-forma.eu\/wp-content\/uploads\/2023\/03\/1.jpg 1000w, https:\/\/a-forma.eu\/wp-content\/uploads\/2023\/03\/1-291x300.jpg 291w, https:\/\/a-forma.eu\/wp-content\/uploads\/2023\/03\/1-993x1024.jpg 993w, https:\/\/a-forma.eu\/wp-content\/uploads\/2023\/03\/1-768x792.jpg 768w\" sizes=\"(max-width: 1000px) 100vw, 1000px\" \/>\t\t\t\t\t\t\t\t\t\t\t\t\t\t\t<\/div>\n\t\t\t\t<\/div>\n\t\t\t\t<div class=\"elementor-element elementor-element-128ab9a0 elementor-widget elementor-widget-spacer\" data-id=\"128ab9a0\" data-element_type=\"widget\" data-e-type=\"widget\" data-widget_type=\"spacer.default\">\n\t\t\t\t<div class=\"elementor-widget-container\">\n\t\t\t\t\t\t\t<div class=\"elementor-spacer\">\n\t\t\t<div class=\"elementor-spacer-inner\"><\/div>\n\t\t<\/div>\n\t\t\t\t\t\t<\/div>\n\t\t\t\t<\/div>\n\t\t\t\t<div class=\"elementor-element elementor-element-15e031ea elementor-align-left elementor-widget elementor-widget-button\" data-id=\"15e031ea\" data-element_type=\"widget\" data-e-type=\"widget\" data-widget_type=\"button.default\">\n\t\t\t\t<div class=\"elementor-widget-container\">\n\t\t\t\t\t\t\t\t\t<div class=\"elementor-button-wrapper\">\n\t\t\t\t\t<a class=\"elementor-button elementor-button-link elementor-size-sm\" href=\"https:\/\/a-forma.eu\/hr\/projekti\/urbanizam\/\">\n\t\t\t\t\t\t<span class=\"elementor-button-content-wrapper\">\n\t\t\t\t\t\t<span class=\"elementor-button-icon\">\n\t\t\t\t<i aria-hidden=\"true\" class=\"icon icon-right-arrow2\"><\/i>\t\t\t<\/span>\n\t\t\t\t\t\t\t\t\t<span class=\"elementor-button-text\">Povratak na urbanizam<\/span>\n\t\t\t\t\t<\/span>\n\t\t\t\t\t<\/a>\n\t\t\t\t<\/div>\n\t\t\t\t\t\t\t\t<\/div>\n\t\t\t\t<\/div>\n\t\t\t\t\t<\/div>\n\t\t<\/div>\n\t\t\t\t\t<\/div>\n\t\t<\/section>\n\t\t\t\t<\/div>\n\t\t","protected":false},"excerpt":{"rendered":"<p>Projekt Ure\u0111enje Obale Poljica Urbanizam Ure\u0111enje Obale Poljica Godina: 2021 Lokacija: Poljica, Dalmacija Veli\u010dina: 283.000m2 Usluge: Planiranje &amp; idejno rje\u0161enje Povratak na urbanizam<\/p>\n","protected":false},"author":3,"featured_media":0,"parent":3622,"menu_order":0,"comment_status":"closed","ping_status":"closed","template":"","meta":{"footnotes":""},"class_list":["post-3594","page","type-page","status-publish","hentry"],"_links":{"self":[{"href":"https:\/\/a-forma.eu\/hr\/wp-json\/wp\/v2\/pages\/3594","targetHints":{"allow":["GET"]}}],"collection":[{"href":"https:\/\/a-forma.eu\/hr\/wp-json\/wp\/v2\/pages"}],"about":[{"href":"https:\/\/a-forma.eu\/hr\/wp-json\/wp\/v2\/types\/page"}],"author":[{"embeddable":true,"href":"https:\/\/a-forma.eu\/hr\/wp-json\/wp\/v2\/users\/3"}],"replies":[{"embeddable":true,"href":"https:\/\/a-forma.eu\/hr\/wp-json\/wp\/v2\/comments?post=3594"}],"version-history":[{"count":23,"href":"https:\/\/a-forma.eu\/hr\/wp-json\/wp\/v2\/pages\/3594\/revisions"}],"predecessor-version":[{"id":4949,"href":"https:\/\/a-forma.eu\/hr\/wp-json\/wp\/v2\/pages\/3594\/revisions\/4949"}],"up":[{"embeddable":true,"href":"https:\/\/a-forma.eu\/hr\/wp-json\/wp\/v2\/pages\/3622"}],"wp:attachment":[{"href":"https:\/\/a-forma.eu\/hr\/wp-json\/wp\/v2\/media?parent=3594"}],"curies":[{"name":"wp","href":"https:\/\/api.w.org\/{rel}","templated":true}]}}