{"id":3580,"date":"2023-03-14T10:53:24","date_gmt":"2023-03-14T10:53:24","guid":{"rendered":"https:\/\/a-forma.eu\/hospitality-and-healthcare-zoning-2\/"},"modified":"2023-06-06T06:38:33","modified_gmt":"2023-06-06T06:38:33","slug":"hospitality-and-healthcare-zoning-2","status":"publish","type":"page","link":"https:\/\/a-forma.eu\/hr\/projekti\/urbanizam\/hospitality-and-healthcare-zoning-2\/","title":{"rendered":"Zdravstveno Turisti\u010dka Zona"},"content":{"rendered":"\t\t<div data-elementor-type=\"wp-page\" data-elementor-id=\"3580\" class=\"elementor elementor-3580\" data-elementor-post-type=\"page\">\n\t\t\t\t\t\t<section class=\"elementor-section elementor-top-section elementor-element elementor-element-4d1ab35a elementor-section-height-min-height elementor-section-boxed elementor-section-height-default elementor-section-items-middle\" data-id=\"4d1ab35a\" data-element_type=\"section\" data-e-type=\"section\" data-settings=\"{&quot;background_background&quot;:&quot;classic&quot;}\">\n\t\t\t\t\t\t\t<div class=\"elementor-background-overlay\"><\/div>\n\t\t\t\t\t\t\t<div class=\"elementor-container elementor-column-gap-default\">\n\t\t\t\t\t<div class=\"elementor-column elementor-col-100 elementor-top-column elementor-element elementor-element-3af50210\" data-id=\"3af50210\" data-element_type=\"column\" data-e-type=\"column\">\n\t\t\t<div class=\"elementor-widget-wrap elementor-element-populated\">\n\t\t\t\t\t\t<div class=\"elementor-element elementor-element-13fe8629 elementor-widget elementor-widget-heading\" data-id=\"13fe8629\" data-element_type=\"widget\" data-e-type=\"widget\" data-widget_type=\"heading.default\">\n\t\t\t\t<div class=\"elementor-widget-container\">\n\t\t\t\t\t<h6 class=\"elementor-heading-title elementor-size-default\">Projekt<\/h6>\t\t\t\t<\/div>\n\t\t\t\t<\/div>\n\t\t\t\t<div class=\"elementor-element elementor-element-716a0604 elementor-widget elementor-widget-heading\" data-id=\"716a0604\" data-element_type=\"widget\" data-e-type=\"widget\" data-widget_type=\"heading.default\">\n\t\t\t\t<div class=\"elementor-widget-container\">\n\t\t\t\t\t<h2 class=\"elementor-heading-title elementor-size-default\">Zdravstveno Turisti\u010dka Zona<\/h2>\t\t\t\t<\/div>\n\t\t\t\t<\/div>\n\t\t\t\t\t<\/div>\n\t\t<\/div>\n\t\t\t\t\t<\/div>\n\t\t<\/section>\n\t\t\t\t<section class=\"elementor-section elementor-top-section elementor-element elementor-element-21811567 elementor-section-boxed elementor-section-height-default elementor-section-height-default\" data-id=\"21811567\" data-element_type=\"section\" data-e-type=\"section\" data-settings=\"{&quot;background_background&quot;:&quot;classic&quot;}\">\n\t\t\t\t\t\t<div class=\"elementor-container elementor-column-gap-default\">\n\t\t\t\t\t<div class=\"elementor-column elementor-col-66 elementor-top-column elementor-element elementor-element-1658cf86\" data-id=\"1658cf86\" data-element_type=\"column\" data-e-type=\"column\">\n\t\t\t<div class=\"elementor-widget-wrap elementor-element-populated\">\n\t\t\t\t\t\t<div class=\"elementor-element elementor-element-5deb8bb elementor-widget elementor-widget-image\" data-id=\"5deb8bb\" data-element_type=\"widget\" data-e-type=\"widget\" data-widget_type=\"image.default\">\n\t\t\t\t<div class=\"elementor-widget-container\">\n\t\t\t\t\t\t\t\t\t\t\t\t\t\t\t<img fetchpriority=\"high\" decoding=\"async\" width=\"1000\" height=\"540\" src=\"https:\/\/a-forma.eu\/wp-content\/uploads\/2023\/03\/NB_ptm_04p.jpg\" class=\"attachment-full size-full wp-image-2599\" alt=\"\" srcset=\"https:\/\/a-forma.eu\/wp-content\/uploads\/2023\/03\/NB_ptm_04p.jpg 1000w, https:\/\/a-forma.eu\/wp-content\/uploads\/2023\/03\/NB_ptm_04p-300x162.jpg 300w, https:\/\/a-forma.eu\/wp-content\/uploads\/2023\/03\/NB_ptm_04p-768x415.jpg 768w\" sizes=\"(max-width: 1000px) 100vw, 1000px\" \/>\t\t\t\t\t\t\t\t\t\t\t\t\t\t\t<\/div>\n\t\t\t\t<\/div>\n\t\t\t\t\t<\/div>\n\t\t<\/div>\n\t\t\t\t<div class=\"elementor-column elementor-col-33 elementor-top-column elementor-element elementor-element-29107b43\" data-id=\"29107b43\" data-element_type=\"column\" data-e-type=\"column\">\n\t\t\t<div class=\"elementor-widget-wrap elementor-element-populated\">\n\t\t\t\t\t\t<div class=\"elementor-element elementor-element-167f5082 elementor-widget elementor-widget-heading\" data-id=\"167f5082\" data-element_type=\"widget\" data-e-type=\"widget\" data-widget_type=\"heading.default\">\n\t\t\t\t<div class=\"elementor-widget-container\">\n\t\t\t\t\t<h6 class=\"elementor-heading-title elementor-size-default\">Urbanizam<\/h6>\t\t\t\t<\/div>\n\t\t\t\t<\/div>\n\t\t\t\t<div class=\"elementor-element elementor-element-61a50afb elementor-widget elementor-widget-heading\" data-id=\"61a50afb\" data-element_type=\"widget\" data-e-type=\"widget\" data-widget_type=\"heading.default\">\n\t\t\t\t<div class=\"elementor-widget-container\">\n\t\t\t\t\t<h3 class=\"elementor-heading-title elementor-size-default\">Zdravstveno Turisti\u010dka Zona<\/h3>\t\t\t\t<\/div>\n\t\t\t\t<\/div>\n\t\t\t\t<div class=\"elementor-element elementor-element-33776583 elementor-widget elementor-widget-text-editor\" data-id=\"33776583\" data-element_type=\"widget\" data-e-type=\"widget\" data-widget_type=\"text-editor.default\">\n\t\t\t\t<div class=\"elementor-widget-container\">\n\t\t\t\t\t\t\t\t\t<p><strong>Godina:<\/strong> 2014<\/p><p><strong>Lokacija:<\/strong> Otok Bra\u010d, Dalmatia<\/p><p><strong>Veli\u010dina:<\/strong> 600.000m2<\/p><p><strong>Usluge:<\/strong> Studija &amp; planiranje<\/p>\t\t\t\t\t\t\t\t<\/div>\n\t\t\t\t<\/div>\n\t\t\t\t<div class=\"elementor-element elementor-element-63142171 elementor-widget elementor-widget-spacer\" data-id=\"63142171\" data-element_type=\"widget\" data-e-type=\"widget\" data-widget_type=\"spacer.default\">\n\t\t\t\t<div class=\"elementor-widget-container\">\n\t\t\t\t\t\t\t<div class=\"elementor-spacer\">\n\t\t\t<div class=\"elementor-spacer-inner\"><\/div>\n\t\t<\/div>\n\t\t\t\t\t\t<\/div>\n\t\t\t\t<\/div>\n\t\t\t\t<div class=\"elementor-element elementor-element-128ab9a0 elementor-widget elementor-widget-spacer\" data-id=\"128ab9a0\" data-element_type=\"widget\" data-e-type=\"widget\" data-widget_type=\"spacer.default\">\n\t\t\t\t<div class=\"elementor-widget-container\">\n\t\t\t\t\t\t\t<div class=\"elementor-spacer\">\n\t\t\t<div class=\"elementor-spacer-inner\"><\/div>\n\t\t<\/div>\n\t\t\t\t\t\t<\/div>\n\t\t\t\t<\/div>\n\t\t\t\t<div class=\"elementor-element elementor-element-15e031ea elementor-align-left elementor-widget elementor-widget-button\" data-id=\"15e031ea\" data-element_type=\"widget\" data-e-type=\"widget\" data-widget_type=\"button.default\">\n\t\t\t\t<div class=\"elementor-widget-container\">\n\t\t\t\t\t\t\t\t\t<div class=\"elementor-button-wrapper\">\n\t\t\t\t\t<a class=\"elementor-button elementor-button-link elementor-size-sm\" href=\"https:\/\/a-forma.eu\/hr\/projekti\/urbanizam\/\">\n\t\t\t\t\t\t<span class=\"elementor-button-content-wrapper\">\n\t\t\t\t\t\t<span class=\"elementor-button-icon\">\n\t\t\t\t<i aria-hidden=\"true\" class=\"icon icon-right-arrow2\"><\/i>\t\t\t<\/span>\n\t\t\t\t\t\t\t\t\t<span class=\"elementor-button-text\">Povratak na urbanizam<\/span>\n\t\t\t\t\t<\/span>\n\t\t\t\t\t<\/a>\n\t\t\t\t<\/div>\n\t\t\t\t\t\t\t\t<\/div>\n\t\t\t\t<\/div>\n\t\t\t\t\t<\/div>\n\t\t<\/div>\n\t\t\t\t\t<\/div>\n\t\t<\/section>\n\t\t\t\t<section class=\"elementor-section elementor-top-section elementor-element elementor-element-152fb26 elementor-section-boxed elementor-section-height-default elementor-section-height-default\" data-id=\"152fb26\" data-element_type=\"section\" data-e-type=\"section\" data-settings=\"{&quot;background_background&quot;:&quot;classic&quot;}\">\n\t\t\t\t\t\t<div class=\"elementor-container elementor-column-gap-default\">\n\t\t\t\t\t<div class=\"elementor-column elementor-col-100 elementor-top-column elementor-element elementor-element-9ce6c7a\" data-id=\"9ce6c7a\" data-element_type=\"column\" data-e-type=\"column\">\n\t\t\t<div class=\"elementor-widget-wrap elementor-element-populated\">\n\t\t\t\t\t\t<div class=\"elementor-element elementor-element-2f23aa8f elementor-widget elementor-widget-image\" data-id=\"2f23aa8f\" data-element_type=\"widget\" data-e-type=\"widget\" data-widget_type=\"image.default\">\n\t\t\t\t<div class=\"elementor-widget-container\">\n\t\t\t\t\t\t\t\t\t\t\t\t\t\t\t<img decoding=\"async\" width=\"1000\" height=\"750\" src=\"https:\/\/a-forma.eu\/wp-content\/uploads\/2023\/03\/NB_ptm_01p.jpg\" class=\"attachment-full size-full wp-image-2598\" alt=\"\" srcset=\"https:\/\/a-forma.eu\/wp-content\/uploads\/2023\/03\/NB_ptm_01p.jpg 1000w, https:\/\/a-forma.eu\/wp-content\/uploads\/2023\/03\/NB_ptm_01p-300x225.jpg 300w, https:\/\/a-forma.eu\/wp-content\/uploads\/2023\/03\/NB_ptm_01p-768x576.jpg 768w\" sizes=\"(max-width: 1000px) 100vw, 1000px\" \/>\t\t\t\t\t\t\t\t\t\t\t\t\t\t\t<\/div>\n\t\t\t\t<\/div>\n\t\t\t\t<div class=\"elementor-element elementor-element-d285398 elementor-widget elementor-widget-image\" data-id=\"d285398\" data-element_type=\"widget\" data-e-type=\"widget\" data-widget_type=\"image.default\">\n\t\t\t\t<div class=\"elementor-widget-container\">\n\t\t\t\t\t\t\t\t\t\t\t\t\t\t\t<img decoding=\"async\" width=\"1000\" height=\"549\" src=\"https:\/\/a-forma.eu\/wp-content\/uploads\/2023\/03\/1-0.jpg\" class=\"attachment-full size-full wp-image-2597\" alt=\"\" srcset=\"https:\/\/a-forma.eu\/wp-content\/uploads\/2023\/03\/1-0.jpg 1000w, https:\/\/a-forma.eu\/wp-content\/uploads\/2023\/03\/1-0-300x165.jpg 300w, https:\/\/a-forma.eu\/wp-content\/uploads\/2023\/03\/1-0-768x422.jpg 768w\" sizes=\"(max-width: 1000px) 100vw, 1000px\" \/>\t\t\t\t\t\t\t\t\t\t\t\t\t\t\t<\/div>\n\t\t\t\t<\/div>\n\t\t\t\t\t<\/div>\n\t\t<\/div>\n\t\t\t\t\t<\/div>\n\t\t<\/section>\n\t\t\t\t<\/div>\n\t\t","protected":false},"excerpt":{"rendered":"<p>Projekt Zdravstveno Turisti\u010dka Zona Urbanizam Zdravstveno Turisti\u010dka Zona Godina: 2014 Lokacija: Otok Bra\u010d, Dalmatia Veli\u010dina: 600.000m2 Usluge: Studija &amp; planiranje Povratak na urbanizam<\/p>\n","protected":false},"author":3,"featured_media":0,"parent":3622,"menu_order":0,"comment_status":"closed","ping_status":"closed","template":"","meta":{"footnotes":""},"class_list":["post-3580","page","type-page","status-publish","hentry"],"_links":{"self":[{"href":"https:\/\/a-forma.eu\/hr\/wp-json\/wp\/v2\/pages\/3580","targetHints":{"allow":["GET"]}}],"collection":[{"href":"https:\/\/a-forma.eu\/hr\/wp-json\/wp\/v2\/pages"}],"about":[{"href":"https:\/\/a-forma.eu\/hr\/wp-json\/wp\/v2\/types\/page"}],"author":[{"embeddable":true,"href":"https:\/\/a-forma.eu\/hr\/wp-json\/wp\/v2\/users\/3"}],"replies":[{"embeddable":true,"href":"https:\/\/a-forma.eu\/hr\/wp-json\/wp\/v2\/comments?post=3580"}],"version-history":[{"count":19,"href":"https:\/\/a-forma.eu\/hr\/wp-json\/wp\/v2\/pages\/3580\/revisions"}],"predecessor-version":[{"id":4969,"href":"https:\/\/a-forma.eu\/hr\/wp-json\/wp\/v2\/pages\/3580\/revisions\/4969"}],"up":[{"embeddable":true,"href":"https:\/\/a-forma.eu\/hr\/wp-json\/wp\/v2\/pages\/3622"}],"wp:attachment":[{"href":"https:\/\/a-forma.eu\/hr\/wp-json\/wp\/v2\/media?parent=3580"}],"curies":[{"name":"wp","href":"https:\/\/api.w.org\/{rel}","templated":true}]}}