{"id":3564,"date":"2023-03-14T12:58:34","date_gmt":"2023-03-14T12:58:34","guid":{"rendered":"https:\/\/a-forma.eu\/our-blog\/"},"modified":"2023-06-01T11:28:14","modified_gmt":"2023-06-01T11:28:14","slug":"nas-blog","status":"publish","type":"page","link":"https:\/\/a-forma.eu\/hr\/nas-blog\/","title":{"rendered":"Na\u0161 blog"},"content":{"rendered":"\t\t<div data-elementor-type=\"wp-page\" data-elementor-id=\"3564\" class=\"elementor elementor-3564\" data-elementor-post-type=\"page\">\n\t\t\t\t\t\t<section class=\"elementor-section elementor-top-section elementor-element elementor-element-1e7581bc elementor-section-height-min-height elementor-section-boxed elementor-section-height-default elementor-section-items-middle\" data-id=\"1e7581bc\" data-element_type=\"section\" data-e-type=\"section\" data-settings=\"{&quot;background_background&quot;:&quot;classic&quot;}\">\n\t\t\t\t\t\t\t<div class=\"elementor-background-overlay\"><\/div>\n\t\t\t\t\t\t\t<div class=\"elementor-container elementor-column-gap-default\">\n\t\t\t\t\t<div class=\"elementor-column elementor-col-100 elementor-top-column elementor-element elementor-element-37792b73\" data-id=\"37792b73\" data-element_type=\"column\" data-e-type=\"column\">\n\t\t\t<div class=\"elementor-widget-wrap elementor-element-populated\">\n\t\t\t\t\t\t<div class=\"elementor-element elementor-element-4147d231 elementor-widget elementor-widget-heading\" data-id=\"4147d231\" data-element_type=\"widget\" data-e-type=\"widget\" data-widget_type=\"heading.default\">\n\t\t\t\t<div class=\"elementor-widget-container\">\n\t\t\t\t\t<h6 class=\"elementor-heading-title elementor-size-default\">Novosti<\/h6>\t\t\t\t<\/div>\n\t\t\t\t<\/div>\n\t\t\t\t<div class=\"elementor-element elementor-element-59c9ef31 elementor-widget elementor-widget-heading\" data-id=\"59c9ef31\" data-element_type=\"widget\" data-e-type=\"widget\" data-widget_type=\"heading.default\">\n\t\t\t\t<div class=\"elementor-widget-container\">\n\t\t\t\t\t<h2 class=\"elementor-heading-title elementor-size-default\">Pogledajte<\/br> novosti i <\/br>medijske objave<\/h2>\t\t\t\t<\/div>\n\t\t\t\t<\/div>\n\t\t\t\t\t<\/div>\n\t\t<\/div>\n\t\t\t\t\t<\/div>\n\t\t<\/section>\n\t\t\t\t<section class=\"elementor-section elementor-top-section elementor-element elementor-element-e0cd212 elementor-section-boxed elementor-section-height-default elementor-section-height-default\" data-id=\"e0cd212\" data-element_type=\"section\" data-e-type=\"section\" data-settings=\"{&quot;background_background&quot;:&quot;classic&quot;}\">\n\t\t\t\t\t\t<div class=\"elementor-container elementor-column-gap-default\">\n\t\t\t\t\t<div class=\"elementor-column elementor-col-100 elementor-top-column elementor-element elementor-element-7d1360a\" data-id=\"7d1360a\" data-element_type=\"column\" data-e-type=\"column\">\n\t\t\t<div class=\"elementor-widget-wrap elementor-element-populated\">\n\t\t\t\t\t\t<section class=\"elementor-section elementor-inner-section elementor-element elementor-element-97237e1 elementor-section-boxed elementor-section-height-default elementor-section-height-default\" data-id=\"97237e1\" data-element_type=\"section\" data-e-type=\"section\">\n\t\t\t\t\t\t<div class=\"elementor-container elementor-column-gap-default\">\n\t\t\t\t\t<div class=\"elementor-column elementor-col-50 elementor-inner-column elementor-element elementor-element-e895600\" data-id=\"e895600\" data-element_type=\"column\" data-e-type=\"column\">\n\t\t\t<div class=\"elementor-widget-wrap elementor-element-populated\">\n\t\t\t\t\t\t<div class=\"elementor-element elementor-element-c0948b7 elementor-widget elementor-widget-heading\" data-id=\"c0948b7\" data-element_type=\"widget\" data-e-type=\"widget\" data-widget_type=\"heading.default\">\n\t\t\t\t<div class=\"elementor-widget-container\">\n\t\t\t\t\t<h6 class=\"elementor-heading-title elementor-size-default\">NOVOSTI <\/h6>\t\t\t\t<\/div>\n\t\t\t\t<\/div>\n\t\t\t\t<div class=\"elementor-element elementor-element-c0c79dd elementor-widget elementor-widget-heading\" data-id=\"c0c79dd\" data-element_type=\"widget\" data-e-type=\"widget\" data-widget_type=\"heading.default\">\n\t\t\t\t<div class=\"elementor-widget-container\">\n\t\t\t\t\t<h3 class=\"elementor-heading-title elementor-size-default\">Pogledajte novosti i medijske objave<\/h3>\t\t\t\t<\/div>\n\t\t\t\t<\/div>\n\t\t\t\t<div class=\"elementor-element elementor-element-42db408 elementor-widget elementor-widget-spacer\" data-id=\"42db408\" data-element_type=\"widget\" data-e-type=\"widget\" data-widget_type=\"spacer.default\">\n\t\t\t\t<div class=\"elementor-widget-container\">\n\t\t\t\t\t\t\t<div class=\"elementor-spacer\">\n\t\t\t<div class=\"elementor-spacer-inner\"><\/div>\n\t\t<\/div>\n\t\t\t\t\t\t<\/div>\n\t\t\t\t<\/div>\n\t\t\t\t\t<\/div>\n\t\t<\/div>\n\t\t\t\t<div class=\"elementor-column elementor-col-50 elementor-inner-column elementor-element elementor-element-b771126\" data-id=\"b771126\" data-element_type=\"column\" data-e-type=\"column\">\n\t\t\t<div class=\"elementor-widget-wrap elementor-element-populated\">\n\t\t\t\t\t\t<div class=\"elementor-element elementor-element-3117978 elementor-widget elementor-widget-text-editor\" data-id=\"3117978\" data-element_type=\"widget\" data-e-type=\"widget\" data-widget_type=\"text-editor.default\">\n\t\t\t\t<div class=\"elementor-widget-container\">\n\t\t\t\t\t\t\t\t\t<p>Veseli nas \u0161to mo\u017eemo podijeliti s vama posljednje vijesti o na\u0161im planovima i projektima vezanim \u200b\u200bza arhitekturu i urbanizam u obalnom podru\u010dju Dalmacije. Pored na\u0161eg iskustva i stru\u010dnosti, vjerujemo da uvidi u na\u0161 rad, omogu\u0107uju klijentima lak\u0161e dono\u0161enje najboljih odluka za svoje projekte.<\/p>\t\t\t\t\t\t\t\t<\/div>\n\t\t\t\t<\/div>\n\t\t\t\t\t<\/div>\n\t\t<\/div>\n\t\t\t\t\t<\/div>\n\t\t<\/section>\n\t\t\t\t<section class=\"elementor-section elementor-inner-section elementor-element elementor-element-df0cb2b elementor-section-boxed elementor-section-height-default elementor-section-height-default\" data-id=\"df0cb2b\" data-element_type=\"section\" data-e-type=\"section\">\n\t\t\t\t\t\t<div class=\"elementor-container elementor-column-gap-default\">\n\t\t\t\t\t<div class=\"elementor-column elementor-col-100 elementor-inner-column elementor-element elementor-element-0576cfd\" data-id=\"0576cfd\" data-element_type=\"column\" data-e-type=\"column\">\n\t\t\t<div class=\"elementor-widget-wrap elementor-element-populated\">\n\t\t\t\t\t\t<div class=\"elementor-element elementor-element-48c15df elementor-widget elementor-widget-elementskit-blog-posts\" data-id=\"48c15df\" data-element_type=\"widget\" data-e-type=\"widget\" data-widget_type=\"elementskit-blog-posts.default\">\n\t\t\t\t<div class=\"elementor-widget-container\">\n\t\t\t\t\t<div class=\"ekit-wid-con\" >        <div id=\"post-items--48c15df\" class=\"row post-items\">\n                    <div class=\"col-lg-4 col-md-6\">\n\n                                    <div class=\"elementskit-post-image-card\">\n                        <div class=\"elementskit-entry-header\">\n                                                            <a href=\"https:\/\/a-forma.eu\/hr\/rezultati-anketnog-natjecaja-za-izradu-idejnog-urbanistickog-rjesenja-gradskog-projekta-istocna-obala-u-splitu\/\" class=\"elementskit-entry-thumb\">\n                                    <img decoding=\"async\" src=\"https:\/\/a-forma.eu\/wp-content\/uploads\/2023\/03\/3d-5-1024x673.jpg\" alt=\"Re-thinking east waterfront of Split city harbour\">\n                                <\/a><!-- .elementskit-entry-thumb END -->\n                                                            \n                            \n\t\t\t\t\t\t\t\t\t\t\t\t\t<\/div><!-- .elementskit-entry-header END -->\n\n\t\t\t\t\t\t<div class=\"elementskit-post-body \">\n\t\t\t\t\t\t\t\n\t\t\t\t\t\t\t\t\t\t\t\t\t\t\t\t\t\t\t\t\t\t\t\t\t\t\t\t\t\t\n\t\t\t\t\t\t\t\t\n\t\t\t\t\t\t\t\t\t\t\t\t\t\t\t\t\t\t\t\t\t<h2 class=\"entry-title\">\n\t\t\t\t\t<a href=\"https:\/\/a-forma.eu\/hr\/rezultati-anketnog-natjecaja-za-izradu-idejnog-urbanistickog-rjesenja-gradskog-projekta-istocna-obala-u-splitu\/\">\n\t\t\t\t\t\tRe-thinking east waterfront of Split city harbour\t\t\t\t\t<\/a>\n\t\t\t\t<\/h2>\n\t\t\t\t\t\t\t\t\t\t\t\t\t\t\t\t\t\t\t\t\t\t\t\t\t\t\t\t\t\t\t\t\t\t\t\t\t\t\t\t\t\t<p>The main idea of our masterplan proposal for reconstruction of East waterfront of Split city harbour, which was awarded with the first prize by the jury in recently finnished public competition, is to perserve and reshape main functions of the main dalmatian port (all the means of traffic: pedestrian, car, bus, train and boat traffic) [&hellip;]<\/p>\n\t\t\t\t\t\t\t\t\t\t\t\t\t\t\t\t\t\t\t\t\t\t                                                            <div class=\"btn-wraper\">\n                                    \n                                                                            <a class=\"elementskit-btn whitespace--normal\" id=\"\" href=\"https:\/\/a-forma.eu\/hr\/rezultati-anketnog-natjecaja-za-izradu-idejnog-urbanistickog-rjesenja-gradskog-projekta-istocna-obala-u-splitu\/\">\n                                        \t                                            Learn more                                         <\/a>\n                                                                    <\/div>\n                                                    <\/div><!-- .elementskit-post-body END -->\n                    <\/div>\n                \n            <\/div>\n                    <div class=\"col-lg-4 col-md-6\">\n\n                                    <div class=\"elementskit-post-image-card\">\n                        <div class=\"elementskit-entry-header\">\n                                                            <a href=\"https:\/\/a-forma.eu\/hr\/investing-in-urban-planning-for-successful-project-development\/\" class=\"elementskit-entry-thumb\">\n                                    <img decoding=\"async\" src=\"https:\/\/a-forma.eu\/wp-content\/uploads\/2023\/03\/1_blog_urbanizam_velika-2-1024x485.jpg\" alt=\"Investing in Urban planning for Successful Project Development\">\n                                <\/a><!-- .elementskit-entry-thumb END -->\n                                                            \n                            \n\t\t\t\t\t\t\t\t\t\t\t\t\t<\/div><!-- .elementskit-entry-header END -->\n\n\t\t\t\t\t\t<div class=\"elementskit-post-body \">\n\t\t\t\t\t\t\t\n\t\t\t\t\t\t\t\t\t\t\t\t\t\t\t\t\t\t\t\t\t\t\t\t\t\t\t\t\t\t\n\t\t\t\t\t\t\t\t\n\t\t\t\t\t\t\t\t\t\t\t\t\t\t\t\t\t\t\t\t\t<h2 class=\"entry-title\">\n\t\t\t\t\t<a href=\"https:\/\/a-forma.eu\/hr\/investing-in-urban-planning-for-successful-project-development\/\">\n\t\t\t\t\t\tInvesting in Urban planning for Successful Project Development\t\t\t\t\t<\/a>\n\t\t\t\t<\/h2>\n\t\t\t\t\t\t\t\t\t\t\t\t\t\t\t\t\t\t\t\t\t\t\t\t\t\t\t\t\t\t\t\t\t\t\t\t\t\t\t\t\t\t<p>Urban planning is a complex field that is a key factor in the successful development of any building project. An experienced partner in the fields of urbanism and architecture is essential to investors in order to successfully navigate through the complexities of master planning and building practice, so to ensure projects develop compliantly with local [&hellip;]<\/p>\n\t\t\t\t\t\t\t\t\t\t\t\t\t\t\t\t\t\t\t\t\t\t                                                            <div class=\"btn-wraper\">\n                                    \n                                                                            <a class=\"elementskit-btn whitespace--normal\" id=\"\" href=\"https:\/\/a-forma.eu\/hr\/investing-in-urban-planning-for-successful-project-development\/\">\n                                        \t                                            Learn more                                         <\/a>\n                                                                    <\/div>\n                                                    <\/div><!-- .elementskit-post-body END -->\n                    <\/div>\n                \n            <\/div>\n                    <div class=\"col-lg-4 col-md-6\">\n\n                                    <div class=\"elementskit-post-image-card\">\n                        <div class=\"elementskit-entry-header\">\n                                                            <a href=\"https:\/\/a-forma.eu\/hr\/combining-traditional-architecture-with-modern-living-on-the-adriatic-coast\/\" class=\"elementskit-entry-thumb\">\n                                    <img decoding=\"async\" src=\"https:\/\/a-forma.eu\/wp-content\/uploads\/2023\/03\/2_blog_kuca_velika-2-1024x575.jpg\" alt=\"Combining traditional architecture with modern living on the Adriatic coast\">\n                                <\/a><!-- .elementskit-entry-thumb END -->\n                                                            \n                            \n\t\t\t\t\t\t\t\t\t\t\t\t\t<\/div><!-- .elementskit-entry-header END -->\n\n\t\t\t\t\t\t<div class=\"elementskit-post-body \">\n\t\t\t\t\t\t\t\n\t\t\t\t\t\t\t\t\t\t\t\t\t\t\t\t\t\t\t\t\t\t\t\t\t\t\t\t\t\t\n\t\t\t\t\t\t\t\t\n\t\t\t\t\t\t\t\t\t\t\t\t\t\t\t\t\t\t\t\t\t<h2 class=\"entry-title\">\n\t\t\t\t\t<a href=\"https:\/\/a-forma.eu\/hr\/combining-traditional-architecture-with-modern-living-on-the-adriatic-coast\/\">\n\t\t\t\t\t\tCombining traditional architecture with modern living on the Adriatic coast\t\t\t\t\t<\/a>\n\t\t\t\t<\/h2>\n\t\t\t\t\t\t\t\t\t\t\t\t\t\t\t\t\t\t\t\t\t\t\t\t\t\t\t\t\t\t\t\t\t\t\t\t\t\t\t\t\t\t<p>Working for clients seeking functional and aesthetically pleasing architecture in touch with its surroundings we designed villa that combines Mediterranean style with rich local building heritage. With a careful blend of site specifics, orientations and sea views, a gentle integration into the existing environment was created. Learning from local building heritage, with the use of [&hellip;]<\/p>\n\t\t\t\t\t\t\t\t\t\t\t\t\t\t\t\t\t\t\t\t\t\t                                                            <div class=\"btn-wraper\">\n                                    \n                                                                            <a class=\"elementskit-btn whitespace--normal\" id=\"\" href=\"https:\/\/a-forma.eu\/hr\/combining-traditional-architecture-with-modern-living-on-the-adriatic-coast\/\">\n                                        \t                                            Learn more                                         <\/a>\n                                                                    <\/div>\n                                                    <\/div><!-- .elementskit-post-body END -->\n                    <\/div>\n                \n            <\/div>\n                    <div class=\"col-lg-4 col-md-6\">\n\n                                    <div class=\"elementskit-post-image-card\">\n                        <div class=\"elementskit-entry-header\">\n                                                            <a href=\"https:\/\/a-forma.eu\/hr\/the-new-kindergarten-placed-in-the-small-village-in-the-centre-of-the-adriatic-island\/\" class=\"elementskit-entry-thumb\">\n                                    <img decoding=\"async\" src=\"https:\/\/a-forma.eu\/wp-content\/uploads\/2023\/03\/3_blog_vrtic-3-1024x536.jpg\" alt=\"The new kindergarten placed in the small village in the centre of the Adriatic island.\">\n                                <\/a><!-- .elementskit-entry-thumb END -->\n                                                            \n                            \n\t\t\t\t\t\t\t\t\t\t\t\t\t<\/div><!-- .elementskit-entry-header END -->\n\n\t\t\t\t\t\t<div class=\"elementskit-post-body \">\n\t\t\t\t\t\t\t\n\t\t\t\t\t\t\t\t\t\t\t\t\t\t\t\t\t\t\t\t\t\t\t\t\t\t\t\t\t\t\n\t\t\t\t\t\t\t\t\n\t\t\t\t\t\t\t\t\t\t\t\t\t\t\t\t\t\t\t\t\t<h2 class=\"entry-title\">\n\t\t\t\t\t<a href=\"https:\/\/a-forma.eu\/hr\/the-new-kindergarten-placed-in-the-small-village-in-the-centre-of-the-adriatic-island\/\">\n\t\t\t\t\t\tThe new kindergarten placed in the small village in the centre of the Adriatic island.\t\t\t\t\t<\/a>\n\t\t\t\t<\/h2>\n\t\t\t\t\t\t\t\t\t\t\t\t\t\t\t\t\t\t\t\t\t\t\t\t\t\t\t\t\t\t\t\t\t\t\t\t\t\t\t\t\t\t<p>Happy to share our current work on kindergarten project located in the centre of the Adriatic island. The plot is situated near the park and the parking lot.&nbsp; Building is situated over almost the entire width of the plot, parallel to the street enabling children&#8217;s living spaces to be protected from external views, while opening [&hellip;]<\/p>\n\t\t\t\t\t\t\t\t\t\t\t\t\t\t\t\t\t\t\t\t\t\t                                                            <div class=\"btn-wraper\">\n                                    \n                                                                            <a class=\"elementskit-btn whitespace--normal\" id=\"\" href=\"https:\/\/a-forma.eu\/hr\/the-new-kindergarten-placed-in-the-small-village-in-the-centre-of-the-adriatic-island\/\">\n                                        \t                                            Learn more                                         <\/a>\n                                                                    <\/div>\n                                                    <\/div><!-- .elementskit-post-body END -->\n                    <\/div>\n                \n            <\/div>\n                <\/div>\n       <\/div>\t\t\t\t<\/div>\n\t\t\t\t<\/div>\n\t\t\t\t\t<\/div>\n\t\t<\/div>\n\t\t\t\t\t<\/div>\n\t\t<\/section>\n\t\t\t\t\t<\/div>\n\t\t<\/div>\n\t\t\t\t\t<\/div>\n\t\t<\/section>\n\t\t\t\t<\/div>\n\t\t","protected":false},"excerpt":{"rendered":"<p>Novosti Pogledajte novosti i medijske objave NOVOSTI Pogledajte novosti i medijske objave Veseli nas \u0161to mo\u017eemo podijeliti s vama posljednje vijesti o na\u0161im planovima i projektima vezanim \u200b\u200bza arhitekturu i urbanizam u obalnom podru\u010dju Dalmacije. Pored na\u0161eg iskustva i stru\u010dnosti, vjerujemo da uvidi u na\u0161 rad, omogu\u0107uju klijentima lak\u0161e dono\u0161enje najboljih odluka za svoje projekte. [&hellip;]<\/p>\n","protected":false},"author":3,"featured_media":0,"parent":0,"menu_order":0,"comment_status":"closed","ping_status":"closed","template":"","meta":{"footnotes":""},"class_list":["post-3564","page","type-page","status-publish","hentry"],"_links":{"self":[{"href":"https:\/\/a-forma.eu\/hr\/wp-json\/wp\/v2\/pages\/3564","targetHints":{"allow":["GET"]}}],"collection":[{"href":"https:\/\/a-forma.eu\/hr\/wp-json\/wp\/v2\/pages"}],"about":[{"href":"https:\/\/a-forma.eu\/hr\/wp-json\/wp\/v2\/types\/page"}],"author":[{"embeddable":true,"href":"https:\/\/a-forma.eu\/hr\/wp-json\/wp\/v2\/users\/3"}],"replies":[{"embeddable":true,"href":"https:\/\/a-forma.eu\/hr\/wp-json\/wp\/v2\/comments?post=3564"}],"version-history":[{"count":20,"href":"https:\/\/a-forma.eu\/hr\/wp-json\/wp\/v2\/pages\/3564\/revisions"}],"predecessor-version":[{"id":4890,"href":"https:\/\/a-forma.eu\/hr\/wp-json\/wp\/v2\/pages\/3564\/revisions\/4890"}],"wp:attachment":[{"href":"https:\/\/a-forma.eu\/hr\/wp-json\/wp\/v2\/media?parent=3564"}],"curies":[{"name":"wp","href":"https:\/\/api.w.org\/{rel}","templated":true}]}}